{"id":119,"date":"2025-04-21T15:11:59","date_gmt":"2025-04-21T15:11:59","guid":{"rendered":"https:\/\/lerameau-psychotherapie.fr\/?page_id=119"},"modified":"2025-05-05T12:50:20","modified_gmt":"2025-05-05T12:50:20","slug":"politique-de-confidentialite","status":"publish","type":"page","link":"https:\/\/lerameau-psychotherapie.fr\/?page_id=119","title":{"rendered":"Politique de confidentialit\u00e9"},"content":{"rendered":"\t\t<div data-elementor-type=\"wp-page\" data-elementor-id=\"119\" class=\"elementor elementor-119\" data-elementor-post-type=\"page\">\n\t\t\t\t<div class=\"elementor-element elementor-element-f0d6eba e-flex e-con-boxed e-con e-parent\" data-id=\"f0d6eba\" data-element_type=\"container\" data-e-type=\"container\">\n\t\t\t\t\t<div class=\"e-con-inner\">\n\t\t<div class=\"elementor-element elementor-element-bbe9e58 e-con-full e-flex e-con e-child\" data-id=\"bbe9e58\" data-element_type=\"container\" data-e-type=\"container\">\n\t\t\t\t<div class=\"elementor-element elementor-element-bc1f01e elementor-widget elementor-widget-heading\" data-id=\"bc1f01e\" data-element_type=\"widget\" data-e-type=\"widget\" data-widget_type=\"heading.default\">\n\t\t\t\t<div class=\"elementor-widget-container\">\n\t\t\t\t\t<h1 class=\"elementor-heading-title elementor-size-default\">Politique de confidentialit\u00e9<\/h1>\t\t\t\t<\/div>\n\t\t\t\t<\/div>\n\t\t\t\t<\/div>\n\t\t\t\t<div class=\"elementor-element elementor-element-aa1a895 elementor-widget elementor-widget-text-editor\" data-id=\"aa1a895\" data-element_type=\"widget\" data-e-type=\"widget\" data-widget_type=\"text-editor.default\">\n\t\t\t\t<div class=\"elementor-widget-container\">\n\t\t\t\t\t\t\t\t\t<p class=\"\" data-start=\"142\" data-end=\"389\">Nous collectons et utilisons vos donn\u00e9es \u00e0 caract\u00e8re personnel dans le seul cadre des dispositions l\u00e9gales relatives \u00e0 ces donn\u00e9es. Nous allons d\u00e9tailler ci-apr\u00e8s le type et les objectifs de cette collecte. Vous pouvez consulter ces informations sur notre site Internet et les enregistrer et\/ou les imprimer.<\/p><p>Saisie et utilisation de donn\u00e9es relatives aux personnes<br \/>Les donn\u00e9es personnelles (par exemple le nom, le num\u00e9ro de t\u00e9l\u00e9phone, l\u2019adresse e-mail) ne seront collect\u00e9es et utilis\u00e9es que si vous les avez saisies dans un champ de saisie ou fournies par courrier \u00e9lectronique dans le cadre d\u2019une demande ou d\u2019un recours \u00e0 une prestation ou \u00e0 une offre. Dans ce cas vous nous avez express\u00e9ment autoris\u00e9 \u00e0 collecter et utiliser ces donn\u00e9es. Celles-ci ne seront utilis\u00e9es que dans le cadre de votre demande. \u00a0<\/p><p>Communication des donn\u00e9es \u00e0 caract\u00e8re personnel \u00e0 des tiers<br \/>Vos donn\u00e9es personnelles ne seront pas communiqu\u00e9es \u00e0 des tiers, \u00e0 moins que la communication ait pour but l\u2019ex\u00e9cution du contrat commercial que vous aurez pr\u00e9alablement sign\u00e9.<\/p><p>Droit de r\u00e9tractation<br \/>Vous avez le droit d\u2019annuler \u00e0 tout moment votre consentement concernant la collecte et l\u2019utilisation de donn\u00e9es personnelles avec effet imm\u00e9diat, en nous adressant votre demande par e-mail \u00e0 l\u2019adresse suivante : rameau.ca@free.fr.<\/p><p>Droit d\u2019acc\u00e8s<br \/>Vous avez le droit d\u2019exiger, \u00e0 titre gracieux, des informations sur les donn\u00e9es enregistr\u00e9es vous concernant, en nous adressant votre demande par e-mail \u00e0 l\u2019adresse suivante : rameau.ca@free.fr<\/p><p>Rectification, interdiction et suppression des donn\u00e9es relatives aux personnes<br \/>Vous avez, le cas \u00e9ch\u00e9ant, le droit d\u2019exiger la rectification, le blocage ou la suppression des donn\u00e9es vous concernant. En cas d\u2019annulation du consentement de l\u2019enregistrement des donn\u00e9es, la suppression des donn\u00e9es personnelles enregistr\u00e9es s\u2019effectue s\u2019il n\u2019est pas indispensable que vous preniez connaissance de la r\u00e9alisation des raisons justifiant l\u2019enregistrement ou si l\u2019enregistrement de vos donn\u00e9es est ill\u00e9gal pour tout autre motif juridique.<\/p><p>Contestation de l\u2019utilisation commerciale de nos donn\u00e9es de contact<br \/>L\u2019utilisation de donn\u00e9es en r\u00e9f\u00e9rence aux mentions l\u00e9gales ou \u00e0 des donn\u00e9es de m\u00eame type (adresses postales, num\u00e9ros de t\u00e9l\u00e9phone et de fax, adresses \u00e9lectroniques) par des tiers, pour l\u2019envoi d\u2019informations non express\u00e9ment autoris\u00e9es, n\u2019est pas autoris\u00e9e \u00e0 moins que vous ayez express\u00e9ment exprim\u00e9 votre consentement ou qu\u2019il existe une relation commerciale pr\u00e9alable. En cas d\u2019infractions contre cet interdit, des mesures juridiques sont applicables contre les exp\u00e9diteurs de tels spams. Le prestataire de services et toutes les personnes cit\u00e9es sur le pr\u00e9sent site Internet s\u2019opposent par la pr\u00e9sente \u00e0 toute utilisation commerciale et communication de vos donn\u00e9es.<\/p><p>Cookies<br \/>Des cookies sont utilis\u00e9s en cas de consultation de certaines pages, afin de faciliter la navigation. Il s\u2019agit ici de petits fichiers textes, qui sont d\u00e9pos\u00e9s sur votre terminal (PC, smartphone etc.). Les cookies de notre site Internet ne collectent aucune information sur vous et sont enti\u00e8rement anonymes.<\/p><p>Les cookies ne provoquent aucun d\u00e9g\u00e2t sur votre ordinateur et ne contiennent aussi aucun virus. Certains des cookies que nous utilisons sont supprim\u00e9s, une fois la fin de la session de navigation, donc apr\u00e8s la fermeture de votre navigateur, \u00e0 nouveau supprim\u00e9es (cookies dits de session).<\/p><p>D\u2019autres cookies restent sur votre terminal, et nous permettent, ainsi que nos entreprises partenaires d\u2019identifier \u00e0 nouveau votre navigateur lors d\u2019une visite ult\u00e9rieure (cookies durables).<\/p><p>Vous pouvez emp\u00eacher l\u2019installation de cookies en param\u00e9trant le logiciel de votre navigateur, en proc\u00e9dant soit par l\u2019exclusion g\u00e9n\u00e9rale de l\u2019acceptation des cookies, ou une exclusion au cas par cas.<\/p><p>Autorit\u00e9 responsable de la collecte des donn\u00e9es personnelles<br \/>Christine Androuin<br \/>Email : rameau.ca@free.fr<\/p>\t\t\t\t\t\t\t\t<\/div>\n\t\t\t\t<\/div>\n\t\t\t\t\t<\/div>\n\t\t\t\t<\/div>\n\t\t\t\t<\/div>\n\t\t","protected":false},"excerpt":{"rendered":"<p>Politique de confidentialit\u00e9 Nous collectons et utilisons vos donn\u00e9es \u00e0 caract\u00e8re personnel dans le seul cadre des dispositions l\u00e9gales relatives [&hellip;]<\/p>\n","protected":false},"author":1,"featured_media":0,"parent":0,"menu_order":0,"comment_status":"closed","ping_status":"closed","template":"","meta":{"site-sidebar-layout":"no-sidebar","site-content-layout":"","ast-site-content-layout":"full-width-container","site-content-style":"default","site-sidebar-style":"default","ast-global-header-display":"","ast-banner-title-visibility":"","ast-main-header-display":"","ast-hfb-above-header-display":"","ast-hfb-below-header-display":"","ast-hfb-mobile-header-display":"","site-post-title":"disabled","ast-breadcrumbs-content":"","ast-featured-img":"disabled","footer-sml-layout":"","ast-disable-related-posts":"","theme-transparent-header-meta":"","adv-header-id-meta":"","stick-header-meta":"","header-above-stick-meta":"","header-main-stick-meta":"","header-below-stick-meta":"","astra-migrate-meta-layouts":"default","ast-page-background-enabled":"default","ast-page-background-meta":{"desktop":{"background-color":"var(--ast-global-color-5)","background-image":"","background-repeat":"repeat","background-position":"center center","background-size":"auto","background-attachment":"scroll","background-type":"","background-media":"","overlay-type":"","overlay-color":"","overlay-opacity":"","overlay-gradient":""},"tablet":{"background-color":"","background-image":"","background-repeat":"repeat","background-position":"center center","background-size":"auto","background-attachment":"scroll","background-type":"","background-media":"","overlay-type":"","overlay-color":"","overlay-opacity":"","overlay-gradient":""},"mobile":{"background-color":"","background-image":"","background-repeat":"repeat","background-position":"center center","background-size":"auto","background-attachment":"scroll","background-type":"","background-media":"","overlay-type":"","overlay-color":"","overlay-opacity":"","overlay-gradient":""}},"ast-content-background-meta":{"desktop":{"background-color":"var(--ast-global-color-4)","background-image":"","background-repeat":"repeat","background-position":"center center","background-size":"auto","background-attachment":"scroll","background-type":"","background-media":"","overlay-type":"","overlay-color":"","overlay-opacity":"","overlay-gradient":""},"tablet":{"background-color":"var(--ast-global-color-4)","background-image":"","background-repeat":"repeat","background-position":"center center","background-size":"auto","background-attachment":"scroll","background-type":"","background-media":"","overlay-type":"","overlay-color":"","overlay-opacity":"","overlay-gradient":""},"mobile":{"background-color":"var(--ast-global-color-4)","background-image":"","background-repeat":"repeat","background-position":"center center","background-size":"auto","background-attachment":"scroll","background-type":"","background-media":"","overlay-type":"","overlay-color":"","overlay-opacity":"","overlay-gradient":""}},"footnotes":""},"class_list":["post-119","page","type-page","status-publish","hentry"],"yoast_head":"<!-- This site is optimized with the Yoast SEO plugin v27.3 - https:\/\/yoast.com\/product\/yoast-seo-wordpress\/ -->\n<title>Politique de confidentialit\u00e9 - Le rameau<\/title>\n<meta name=\"robots\" content=\"noindex, nofollow\" \/>\n<meta property=\"og:locale\" content=\"fr_FR\" \/>\n<meta property=\"og:type\" content=\"article\" \/>\n<meta property=\"og:title\" content=\"Politique de confidentialit\u00e9 - Le rameau\" \/>\n<meta property=\"og:description\" content=\"Politique de confidentialit\u00e9 Nous collectons et utilisons vos donn\u00e9es \u00e0 caract\u00e8re personnel dans le seul cadre des dispositions l\u00e9gales relatives [&hellip;]\" \/>\n<meta property=\"og:url\" content=\"https:\/\/lerameau-psychotherapie.fr\/?page_id=119\" \/>\n<meta property=\"og:site_name\" content=\"Le rameau\" \/>\n<meta property=\"article:modified_time\" content=\"2025-05-05T12:50:20+00:00\" \/>\n<meta name=\"twitter:card\" content=\"summary_large_image\" \/>\n<meta name=\"twitter:label1\" content=\"Dur\u00e9e de lecture estim\u00e9e\" \/>\n\t<meta name=\"twitter:data1\" content=\"3 minutes\" \/>\n<script type=\"application\/ld+json\" class=\"yoast-schema-graph\">{\"@context\":\"https:\\\/\\\/schema.org\",\"@graph\":[{\"@type\":\"WebPage\",\"@id\":\"https:\\\/\\\/lerameau-psychotherapie.fr\\\/?page_id=119\",\"url\":\"https:\\\/\\\/lerameau-psychotherapie.fr\\\/?page_id=119\",\"name\":\"Politique de confidentialit\u00e9 - Le rameau\",\"isPartOf\":{\"@id\":\"https:\\\/\\\/lerameau-psychotherapie.fr\\\/#website\"},\"datePublished\":\"2025-04-21T15:11:59+00:00\",\"dateModified\":\"2025-05-05T12:50:20+00:00\",\"breadcrumb\":{\"@id\":\"https:\\\/\\\/lerameau-psychotherapie.fr\\\/?page_id=119#breadcrumb\"},\"inLanguage\":\"fr-FR\",\"potentialAction\":[{\"@type\":\"ReadAction\",\"target\":[\"https:\\\/\\\/lerameau-psychotherapie.fr\\\/?page_id=119\"]}]},{\"@type\":\"BreadcrumbList\",\"@id\":\"https:\\\/\\\/lerameau-psychotherapie.fr\\\/?page_id=119#breadcrumb\",\"itemListElement\":[{\"@type\":\"ListItem\",\"position\":1,\"name\":\"Accueil\",\"item\":\"https:\\\/\\\/lerameau-psychotherapie.fr\\\/\"},{\"@type\":\"ListItem\",\"position\":2,\"name\":\"Politique de confidentialit\u00e9\"}]},{\"@type\":\"WebSite\",\"@id\":\"https:\\\/\\\/lerameau-psychotherapie.fr\\\/#website\",\"url\":\"https:\\\/\\\/lerameau-psychotherapie.fr\\\/\",\"name\":\"Le rameau\",\"description\":\"Cabinet de Psychoth&eacute;rapie\",\"publisher\":{\"@id\":\"https:\\\/\\\/lerameau-psychotherapie.fr\\\/#organization\"},\"potentialAction\":[{\"@type\":\"SearchAction\",\"target\":{\"@type\":\"EntryPoint\",\"urlTemplate\":\"https:\\\/\\\/lerameau-psychotherapie.fr\\\/?s={search_term_string}\"},\"query-input\":{\"@type\":\"PropertyValueSpecification\",\"valueRequired\":true,\"valueName\":\"search_term_string\"}}],\"inLanguage\":\"fr-FR\"},{\"@type\":\"Organization\",\"@id\":\"https:\\\/\\\/lerameau-psychotherapie.fr\\\/#organization\",\"name\":\"Le rameau\",\"url\":\"https:\\\/\\\/lerameau-psychotherapie.fr\\\/\",\"logo\":{\"@type\":\"ImageObject\",\"inLanguage\":\"fr-FR\",\"@id\":\"https:\\\/\\\/lerameau-psychotherapie.fr\\\/#\\\/schema\\\/logo\\\/image\\\/\",\"url\":\"https:\\\/\\\/lerameau-psychotherapie.fr\\\/wp-content\\\/uploads\\\/2025\\\/04\\\/Sprout-1-1.png\",\"contentUrl\":\"https:\\\/\\\/lerameau-psychotherapie.fr\\\/wp-content\\\/uploads\\\/2025\\\/04\\\/Sprout-1-1.png\",\"width\":456,\"height\":300,\"caption\":\"Le rameau\"},\"image\":{\"@id\":\"https:\\\/\\\/lerameau-psychotherapie.fr\\\/#\\\/schema\\\/logo\\\/image\\\/\"}}]}<\/script>\n<!-- \/ Yoast SEO plugin. -->","yoast_head_json":{"title":"Politique de confidentialit\u00e9 - Le rameau","robots":{"index":"noindex","follow":"nofollow"},"og_locale":"fr_FR","og_type":"article","og_title":"Politique de confidentialit\u00e9 - Le rameau","og_description":"Politique de confidentialit\u00e9 Nous collectons et utilisons vos donn\u00e9es \u00e0 caract\u00e8re personnel dans le seul cadre des dispositions l\u00e9gales relatives [&hellip;]","og_url":"https:\/\/lerameau-psychotherapie.fr\/?page_id=119","og_site_name":"Le rameau","article_modified_time":"2025-05-05T12:50:20+00:00","twitter_card":"summary_large_image","twitter_misc":{"Dur\u00e9e de lecture estim\u00e9e":"3 minutes"},"schema":{"@context":"https:\/\/schema.org","@graph":[{"@type":"WebPage","@id":"https:\/\/lerameau-psychotherapie.fr\/?page_id=119","url":"https:\/\/lerameau-psychotherapie.fr\/?page_id=119","name":"Politique de confidentialit\u00e9 - Le rameau","isPartOf":{"@id":"https:\/\/lerameau-psychotherapie.fr\/#website"},"datePublished":"2025-04-21T15:11:59+00:00","dateModified":"2025-05-05T12:50:20+00:00","breadcrumb":{"@id":"https:\/\/lerameau-psychotherapie.fr\/?page_id=119#breadcrumb"},"inLanguage":"fr-FR","potentialAction":[{"@type":"ReadAction","target":["https:\/\/lerameau-psychotherapie.fr\/?page_id=119"]}]},{"@type":"BreadcrumbList","@id":"https:\/\/lerameau-psychotherapie.fr\/?page_id=119#breadcrumb","itemListElement":[{"@type":"ListItem","position":1,"name":"Accueil","item":"https:\/\/lerameau-psychotherapie.fr\/"},{"@type":"ListItem","position":2,"name":"Politique de confidentialit\u00e9"}]},{"@type":"WebSite","@id":"https:\/\/lerameau-psychotherapie.fr\/#website","url":"https:\/\/lerameau-psychotherapie.fr\/","name":"Le rameau","description":"Cabinet de Psychoth&eacute;rapie","publisher":{"@id":"https:\/\/lerameau-psychotherapie.fr\/#organization"},"potentialAction":[{"@type":"SearchAction","target":{"@type":"EntryPoint","urlTemplate":"https:\/\/lerameau-psychotherapie.fr\/?s={search_term_string}"},"query-input":{"@type":"PropertyValueSpecification","valueRequired":true,"valueName":"search_term_string"}}],"inLanguage":"fr-FR"},{"@type":"Organization","@id":"https:\/\/lerameau-psychotherapie.fr\/#organization","name":"Le rameau","url":"https:\/\/lerameau-psychotherapie.fr\/","logo":{"@type":"ImageObject","inLanguage":"fr-FR","@id":"https:\/\/lerameau-psychotherapie.fr\/#\/schema\/logo\/image\/","url":"https:\/\/lerameau-psychotherapie.fr\/wp-content\/uploads\/2025\/04\/Sprout-1-1.png","contentUrl":"https:\/\/lerameau-psychotherapie.fr\/wp-content\/uploads\/2025\/04\/Sprout-1-1.png","width":456,"height":300,"caption":"Le rameau"},"image":{"@id":"https:\/\/lerameau-psychotherapie.fr\/#\/schema\/logo\/image\/"}}]}},"_links":{"self":[{"href":"https:\/\/lerameau-psychotherapie.fr\/index.php?rest_route=\/wp\/v2\/pages\/119","targetHints":{"allow":["GET"]}}],"collection":[{"href":"https:\/\/lerameau-psychotherapie.fr\/index.php?rest_route=\/wp\/v2\/pages"}],"about":[{"href":"https:\/\/lerameau-psychotherapie.fr\/index.php?rest_route=\/wp\/v2\/types\/page"}],"author":[{"embeddable":true,"href":"https:\/\/lerameau-psychotherapie.fr\/index.php?rest_route=\/wp\/v2\/users\/1"}],"replies":[{"embeddable":true,"href":"https:\/\/lerameau-psychotherapie.fr\/index.php?rest_route=%2Fwp%2Fv2%2Fcomments&post=119"}],"version-history":[{"count":10,"href":"https:\/\/lerameau-psychotherapie.fr\/index.php?rest_route=\/wp\/v2\/pages\/119\/revisions"}],"predecessor-version":[{"id":273,"href":"https:\/\/lerameau-psychotherapie.fr\/index.php?rest_route=\/wp\/v2\/pages\/119\/revisions\/273"}],"wp:attachment":[{"href":"https:\/\/lerameau-psychotherapie.fr\/index.php?rest_route=%2Fwp%2Fv2%2Fmedia&parent=119"}],"curies":[{"name":"wp","href":"https:\/\/api.w.org\/{rel}","templated":true}]}}